{"id":4015,"date":"2024-06-21T10:32:07","date_gmt":"2024-06-21T09:32:07","guid":{"rendered":"https:\/\/library.fce.vutbr.cz\/en\/?page_id=4015"},"modified":"2024-06-21T10:44:31","modified_gmt":"2024-06-21T09:44:31","slug":"board-games","status":"publish","type":"page","link":"https:\/\/library.fce.vutbr.cz\/en\/board-games\/","title":{"rendered":"Board games"},"content":{"rendered":"<p>The library offers board games for students to use, stored on the shelves of the POKEC relaxation room.<\/p>\n<h4><span style=\"color: #008000;\">CURRENT LIST OF GAMES<\/span><\/h4>\n<p><span style=\"color: #ff0000;\">BANG!: WANTED<\/span><\/p>\n<p><span style=\"color: #ff0000;\">BANG! ZLAT\u00c1 HORE\u010cKA<\/span><\/p>\n<p><span style=\"color: #ff0000;\">B\u0158INK: VELK\u00c1 PODZEMN\u00cd LOUPE\u017d<\/span><\/p>\n<p><span style=\"color: #ff0000;\">CARCASSONNE<\/span><\/p>\n<p><span style=\"color: #ff0000;\">CATAN: OSADN\u00cdCI Z KATANU<\/span><\/p>\n<p><span style=\"color: #ff0000;\">COVID 19: JSME V TOM SPOLU, KSAKRU!<\/span><\/p>\n<p><span style=\"color: #ff0000;\">\u010cESKO: OT\u00c1ZKY A ODPOV\u011aDI, Z\u00c1BAVN\u00c1 HRA PRO ZV\u00cdDAV\u00c9 \u010cECHY<\/span><\/p>\n<p><span style=\"color: #ff0000;\">DES\u00cdTKA<\/span><\/p>\n<p><span style=\"color: #ff0000;\">DOBBLE<\/span><\/p>\n<p><span style=\"color: #ff0000;\">EVROPA: OT\u00c1ZKY A ODPOV\u011aDI, Z\u00c1BAVN\u00c1 HRA PRO ZV\u00cdDAV\u00c9 EVROPANY<\/span><\/p>\n<p><span style=\"color: #ff0000;\">EXIT: \u00daNIKOV\u00c1 HRA, OPU\u0160T\u011aN\u00c1 CHATA<\/span><\/p>\n<p><span style=\"color: #ff0000;\">GALAXY TRUCKER<\/span><\/p>\n<p><span style=\"color: #ff0000;\">HARRY POTTER: DESETIMINUTOV\u00c1 HRA NA PROCVI\u010cEN\u00cd PAM\u011aTI A V\u011aDOMOST\u00cd<\/span><\/p>\n<p><span style=\"color: #ff0000;\">KR\u00c1LOVSTV\u00cd HER: HRAJEME SI PO CEL\u00dd ROK!; <\/span><span style=\"color: #ff0000;\">365 HER<\/span><\/p>\n<p><span style=\"color: #ff0000;\">KRYC\u00cd JM\u00c9NA: P\u0158\u00cdSN\u011a TAJN\u00c1 HRA SE SLOVY<\/span><\/p>\n<p><span style=\"color: #ff0000;\">MILOSTN\u00dd DOPIS<\/span><\/p>\n<p><span style=\"color: #ff0000;\">MONOPOLY: HRA NA RYCHL\u00c9 OBCHODOV\u00c1N\u00cd S NEMOVITOSTMI<\/span><\/p>\n<p><span style=\"color: #ff0000;\">PANDEMIC<\/span><\/p>\n<p><span style=\"color: #ff0000;\">SLOVENSKO: OT\u00c1ZKY A ODPOVEDE, Z\u00c1BAVN\u00c1 HRA PRE ZVEDAV\u00ddCH SLOV\u00c1KOV<\/span><\/p>\n<p><span style=\"color: #ff0000;\">V\u00ddBU\u0160N\u00c1 KO\u0164\u00c1TKA<\/span><\/p>\n<h4><span style=\"color: #008000;\">BOARD GAME RENTAL RULES<\/span><\/h4>\n<ul>\n<li>Board games are kept in the <a href=\"https:\/\/primo.lib.vutbr.cz\/primo-explore\/search?vid=420BUT&amp;lang=en_US\">PRIMO<\/a> system.<\/li>\n<li>They can only be borrowed by subscription.<\/li>\n<li>Board games must be returned on the same day they are borrowed, no later than 18:00.<\/li>\n<li>The user is obliged to return the games in their original condition, with the complete undamaged contents indicated on the underside of the game cover. Games will be inspected by an authorised member of staff on return.<\/li>\n<li>In case of loss or damage to the games or their components, the user is obliged to pay the full price of the game and a handling fee of 100 CZK.<\/li>\n<\/ul>\n<p>&nbsp;<\/p>\n","protected":false},"excerpt":{"rendered":"<p>The library offers board games for students to use, stored on the shelves of the POKEC relaxation room. CURRENT LIST OF GAMES BANG!: WANTED BANG! ZLAT\u00c1 HORE\u010cKA B\u0158INK: VELK\u00c1 PODZEMN\u00cd LOUPE\u017d CARCASSONNE CATAN: OSADN\u00cdCI Z KATANU COVID 19: JSME V &hellip; <a href=\"https:\/\/library.fce.vutbr.cz\/en\/board-games\/\">Continue reading <span class=\"meta-nav\">&rarr;<\/span><\/a><\/p>\n","protected":false},"author":8,"featured_media":0,"parent":0,"menu_order":0,"comment_status":"closed","ping_status":"closed","template":"","meta":{"footnotes":""},"class_list":["post-4015","page","type-page","status-publish","hentry"],"_links":{"self":[{"href":"https:\/\/library.fce.vutbr.cz\/en\/wp-json\/wp\/v2\/pages\/4015"}],"collection":[{"href":"https:\/\/library.fce.vutbr.cz\/en\/wp-json\/wp\/v2\/pages"}],"about":[{"href":"https:\/\/library.fce.vutbr.cz\/en\/wp-json\/wp\/v2\/types\/page"}],"author":[{"embeddable":true,"href":"https:\/\/library.fce.vutbr.cz\/en\/wp-json\/wp\/v2\/users\/8"}],"replies":[{"embeddable":true,"href":"https:\/\/library.fce.vutbr.cz\/en\/wp-json\/wp\/v2\/comments?post=4015"}],"version-history":[{"count":5,"href":"https:\/\/library.fce.vutbr.cz\/en\/wp-json\/wp\/v2\/pages\/4015\/revisions"}],"predecessor-version":[{"id":4023,"href":"https:\/\/library.fce.vutbr.cz\/en\/wp-json\/wp\/v2\/pages\/4015\/revisions\/4023"}],"wp:attachment":[{"href":"https:\/\/library.fce.vutbr.cz\/en\/wp-json\/wp\/v2\/media?parent=4015"}],"curies":[{"name":"wp","href":"https:\/\/api.w.org\/{rel}","templated":true}]}}