{"id":3966,"date":"2024-06-20T09:59:45","date_gmt":"2024-06-20T08:59:45","guid":{"rendered":"https:\/\/library.fce.vutbr.cz\/en\/?page_id=3966"},"modified":"2025-12-11T09:51:16","modified_gmt":"2025-12-11T08:51:16","slug":"our-team","status":"publish","type":"page","link":"https:\/\/library.fce.vutbr.cz\/en\/our-team\/","title":{"rendered":"Our team"},"content":{"rendered":"<h4><span style=\"color: #008000;\">HEAD OF LIBRARY<\/span><\/h4>\n<table>\n<tbody>\n<tr>\n<td width=\"300\"><span style=\"color: #ff0000;\">Mgr. Alm\u00edra Pitronov\u00e1<\/span><br \/>\ntelephone: 541 147 170<br \/>\ne-mail: Almira.Pitronova@vut.cz<\/td>\n<\/tr>\n<\/tbody>\n<\/table>\n<h4><span style=\"color: #008000;\">SECRETARY, ECONOMY<\/span><\/h4>\n<table>\n<tbody>\n<tr>\n<td width=\"300\"><span style=\"color: #ff0000;\">Mgr. Vlasta Zatloukalov\u00e1, DiS.<\/span><br \/>\ntelephone: 541 147 172<br \/>\ne-mail: Vlasta.Zatloukalova@vut.cz<\/td>\n<\/tr>\n<\/tbody>\n<\/table>\n<h4><span style=\"color: #008000;\">\u00a0INFORMATION SPECIALISTS AND SERVICES<\/span><\/h4>\n<table>\n<tbody>\n<tr>\n<td width=\"300\"><span style=\"color: #ff0000;\">Mgr. Eva Kyjovsk\u00e1<\/span><br \/>\ntelephone: 541 147 175<br \/>\ne-mail: Eva.Kyjovska@vut.cz<\/td>\n<td><\/td>\n<\/tr>\n<tr>\n<td width=\"300\"><span style=\"color: #ff0000;\">Michal Pelou\u0161ek<\/span><br \/>\ntelephone: 541 147 175<br \/>\ne-mail: Michal.Pelousek@vut.cz<\/td>\n<td width=\"300\"><span style=\"color: #ff0000;\">Mgr. Kate\u0159ina Kopeck\u00e1<\/span><br \/>\ntelephone: 541 147 171<br \/>\ne-mail: Katerina.Kopecka1@vut.cz<\/td>\n<\/tr>\n<\/tbody>\n<\/table>\n<h4><span style=\"color: #008000;\">ACQUISITION AND CATALOGUING <\/span><\/h4>\n<table>\n<tbody>\n<tr>\n<td width=\"300\"><span style=\"color: #ff0000;\">Jana Jeni\u0161ov\u00e1<\/span><br \/>\ntelephone: 541 147 173<br \/>\ne-mail: Jana.Jenisova@vut.cz<\/td>\n<\/tr>\n<\/tbody>\n<\/table>\n<h4><span style=\"color: #008000;\">EDUCATION, INTERLIBRARY LOAN SERVICE, JOURNALS<\/span><\/h4>\n<table>\n<tbody>\n<tr>\n<td width=\"300\"><span style=\"color: #ff0000;\"><strong><span style=\"color: #008000;\">DEPUTY HEAD OF LIBRARY<\/span><\/strong><\/span><\/p>\n<p><span style=\"color: #ff0000;\">Mgr. Alina Vystav\u011blov\u00e1<\/span><br \/>\ntelephone: 541 147 155<br \/>\ne-mail: Alina.Vystavelova@vut.cz<\/td>\n<\/tr>\n<\/tbody>\n<\/table>\n<h4><span style=\"color: #008000;\">INFORMATION TECHNOLOGY ADMINISTRATION<\/span><\/h4>\n<table>\n<tbody>\n<tr>\n<td width=\"300\"><span style=\"color: #ff0000;\">Ing. Marek Malanta<\/span><br \/>\ntelephone: 541 147 174<br \/>\ne-mail: Marek.Malanta@vut.cz<\/td>\n<td width=\"300\"><span style=\"color: #ff0000;\">Ing. Dalibor Han\u017el<\/span><br \/>\ntelephone: 541 147 174<br \/>\ne-mail: Dalibor.Hanzl@vut.cz<\/td>\n<\/tr>\n<\/tbody>\n<\/table>\n","protected":false},"excerpt":{"rendered":"<p>HEAD OF LIBRARY Mgr. Alm\u00edra Pitronov\u00e1 telephone: 541 147 170 e-mail: Almira.Pitronova@vut.cz SECRETARY, ECONOMY Mgr. Vlasta Zatloukalov\u00e1, DiS. telephone: 541 147 172 e-mail: Vlasta.Zatloukalova@vut.cz \u00a0INFORMATION SPECIALISTS AND SERVICES Mgr. Eva Kyjovsk\u00e1 telephone: 541 147 175 e-mail: Eva.Kyjovska@vut.cz Michal Pelou\u0161ek telephone: &hellip; <a href=\"https:\/\/library.fce.vutbr.cz\/en\/our-team\/\">Continue reading <span class=\"meta-nav\">&rarr;<\/span><\/a><\/p>\n","protected":false},"author":8,"featured_media":0,"parent":0,"menu_order":0,"comment_status":"closed","ping_status":"closed","template":"","meta":{"footnotes":""},"class_list":["post-3966","page","type-page","status-publish","hentry"],"_links":{"self":[{"href":"https:\/\/library.fce.vutbr.cz\/en\/wp-json\/wp\/v2\/pages\/3966"}],"collection":[{"href":"https:\/\/library.fce.vutbr.cz\/en\/wp-json\/wp\/v2\/pages"}],"about":[{"href":"https:\/\/library.fce.vutbr.cz\/en\/wp-json\/wp\/v2\/types\/page"}],"author":[{"embeddable":true,"href":"https:\/\/library.fce.vutbr.cz\/en\/wp-json\/wp\/v2\/users\/8"}],"replies":[{"embeddable":true,"href":"https:\/\/library.fce.vutbr.cz\/en\/wp-json\/wp\/v2\/comments?post=3966"}],"version-history":[{"count":13,"href":"https:\/\/library.fce.vutbr.cz\/en\/wp-json\/wp\/v2\/pages\/3966\/revisions"}],"predecessor-version":[{"id":4105,"href":"https:\/\/library.fce.vutbr.cz\/en\/wp-json\/wp\/v2\/pages\/3966\/revisions\/4105"}],"wp:attachment":[{"href":"https:\/\/library.fce.vutbr.cz\/en\/wp-json\/wp\/v2\/media?parent=3966"}],"curies":[{"name":"wp","href":"https:\/\/api.w.org\/{rel}","templated":true}]}}