{"id":3962,"date":"2024-06-20T09:49:49","date_gmt":"2024-06-20T08:49:49","guid":{"rendered":"https:\/\/library.fce.vutbr.cz\/en\/?page_id=3962"},"modified":"2025-12-11T09:56:03","modified_gmt":"2025-12-11T08:56:03","slug":"questions-and-comments","status":"publish","type":"page","link":"https:\/\/library.fce.vutbr.cz\/en\/questions-and-comments\/","title":{"rendered":"Questions and comments"},"content":{"rendered":"<p>Questions and comments to the Library can be sent by email <span style=\"color: #ff0000;\">kic.fast@vut.cz<\/span> or handled by phone using the phone numbers listed on the library&#8217;s main page.<\/p>\n<p><!--\n\n\n<h4><\/h4>\n\n\n\n\n<form id=\"Ptejte_se_KIC\" action=\"\/files\/php\/Send_Ptejte_se_KIC.php\" method=\"post\" name=\"Ptejte_se_KIC\">\n\n\n<table border=\"0\" cellspacing=\"0\" cellpadding=\"2\">\n\n\n<tbody>\n\n\n<tr>\n\n\n<td><span style=\"color: #ff0000;\">Jm\u00e9no:<\/span><\/td>\n\n\n\n\n<td><input id=\"jmeno\" name=\"jmeno\" type=\"text\" \/><\/td>\n\n\n<\/tr>\n\n\n\n\n<tr>\n\n\n<td><span style=\"color: #ff0000;\">E-mail:<\/span><\/td>\n\n\n\n\n<td><input id=\"email\" name=\"email\" type=\"text\" \/><\/td>\n\n\n<\/tr>\n\n\n\n\n<tr>\n\n\n<td><span style=\"color: #ff0000;\">Text:<\/span><\/td>\n\n\n\n\n<td><textarea id=\"text\" cols=\"50\" name=\"text\" rows=\"10\"><\/textarea><\/td>\n\n\n<\/tr>\n\n\n\n\n<tr>\n\n\n<td><span style=\"color: #ff0000;\">Opi\u0161te k\u00f3d z obr\u00e1zku:<\/span><\/td>\n\n\n\n\n<td><input name=\"kontrolni_kod\" type=\"text\" \/><\/td>\n\n\n<\/tr>\n\n\n\n\n<tr>\n\n\n<td><\/td>\n\n\n\n\n<td><img decoding=\"async\" src=\"\/files\/php\/elixido_captcha.php?getimg\" alt=\"kontrolni kod\" \/><\/td>\n\n\n<\/tr>\n\n\n\n\n<tr>\n\n\n<td><input name=\"submit\" type=\"submit\" value=\"Odeslat\" \/><input name=\"reset\" type=\"reset\" value=\"Reset\" \/><\/td>\n\n\n<\/tr>\n\n\n<\/tbody>\n\n\n<\/table>\n\n\n<\/form>\n\n\n\n --><\/p>\n","protected":false},"excerpt":{"rendered":"<p>Questions and comments to the Library can be sent by email kic.fast@vut.cz or handled by phone using the phone numbers listed on the library&#8217;s main page.<\/p>\n","protected":false},"author":8,"featured_media":0,"parent":0,"menu_order":0,"comment_status":"closed","ping_status":"closed","template":"","meta":{"footnotes":""},"class_list":["post-3962","page","type-page","status-publish","hentry"],"_links":{"self":[{"href":"https:\/\/library.fce.vutbr.cz\/en\/wp-json\/wp\/v2\/pages\/3962"}],"collection":[{"href":"https:\/\/library.fce.vutbr.cz\/en\/wp-json\/wp\/v2\/pages"}],"about":[{"href":"https:\/\/library.fce.vutbr.cz\/en\/wp-json\/wp\/v2\/types\/page"}],"author":[{"embeddable":true,"href":"https:\/\/library.fce.vutbr.cz\/en\/wp-json\/wp\/v2\/users\/8"}],"replies":[{"embeddable":true,"href":"https:\/\/library.fce.vutbr.cz\/en\/wp-json\/wp\/v2\/comments?post=3962"}],"version-history":[{"count":3,"href":"https:\/\/library.fce.vutbr.cz\/en\/wp-json\/wp\/v2\/pages\/3962\/revisions"}],"predecessor-version":[{"id":4106,"href":"https:\/\/library.fce.vutbr.cz\/en\/wp-json\/wp\/v2\/pages\/3962\/revisions\/4106"}],"wp:attachment":[{"href":"https:\/\/library.fce.vutbr.cz\/en\/wp-json\/wp\/v2\/media?parent=3962"}],"curies":[{"name":"wp","href":"https:\/\/api.w.org\/{rel}","templated":true}]}}