{"id":3401,"date":"2021-08-17T10:04:08","date_gmt":"2021-08-17T09:04:08","guid":{"rendered":"https:\/\/library.fce.vutbr.cz\/en\/?page_id=3401"},"modified":"2024-01-30T13:15:45","modified_gmt":"2024-01-30T12:15:45","slug":"specialist-databases","status":"publish","type":"page","link":"https:\/\/library.fce.vutbr.cz\/en\/specialist-databases\/","title":{"rendered":"Specialist databases"},"content":{"rendered":"<p><span style=\"color: #ff0000;\">BUT DIGITAL LIBRARY<\/span><\/p>\n<ul>\n<li><a href=\"https:\/\/dspace.vutbr.cz\/?locale-attribute=en\">BUT Digital Library<\/a><\/li>\n<\/ul>\n<p><span style=\"color: #ff0000;\">BIBLIOGRAPHIC CITATION DATABASE (for the evaluation of research and development results)<\/span><\/p>\n<ul>\n<li><a href=\"http:\/\/www.scopus.com\/\">Scopus<\/a><\/li>\n<li><a href=\"http:\/\/apps.webofknowledge.com\/\">Web of Science<\/a><\/li>\n<\/ul>\n<p><span style=\"color: #ff0000;\">SPECIALIST DATABASE\u00a0 FOR THE FIELD OF CIVIL ENGINEERING (produced by the Institution of Civil Engineers)<\/span><\/p>\n<ul>\n<li><a href=\"http:\/\/www.icevirtuallibrary.com\/action\/showPublications?pubType=journal\">ICE Virtual Library<\/a><\/li>\n<\/ul>\n<p><span style=\"color: #ff0000;\">FULL-TEXT DATABASE<\/span><\/p>\n<ul>\n<li><a href=\"http:\/\/www.acm.org\/dl\/\">ACM Digital Library<\/a><\/li>\n<li><a href=\"http:\/\/pubs.acs.org\/\">ACS Publications<\/a><\/li>\n<li><a href=\"http:\/\/scitation.aip.org\/content\/aip\">American Institute of Physics<\/a><\/li>\n<li><a href=\"http:\/\/www.ams.org\/epubsearch\/\">American Mathematical Society Journals<\/a><\/li>\n<li><a href=\"http:\/\/journals.aps.org\/\">American Physical Society<\/a><\/li>\n<li><a href=\"http:\/\/asmedigitalcollection.asme.org\/\">ASME Digital collection<\/a><\/li>\n<li><a href=\"https:\/\/compass.astm.org\/\">ASTM Complete<\/a><\/li>\n<li><a href=\"https:\/\/primarysources.brillonline.com\/browse\/avant-garde-and-architecture-in-czechoslovakia-1909-1938\">Avant-garde and Architecture Czechoslovakia 1909-1938<\/a><\/li>\n<li><a href=\"https:\/\/www.bookport.cz\/\">Bookport<\/a><\/li>\n<li><a href=\"http:\/\/search.ebscohost.com\/\">EBSCO &#8211; Academic Search Complete<\/a><\/li>\n<li><a href=\"http:\/\/search.ebscohost.com\/\">EBSCO &#8211; Business Source Complete<\/a><\/li>\n<li><a href=\"http:\/\/www.emeraldinsight.com\/\">Emerald<\/a><\/li>\n<li><a href=\"http:\/\/ieeexplore.ieee.org\/\">IEEE Xplore Digital Library<\/a><\/li>\n<li><a href=\"https:\/\/incites.clarivate.com\/\">InCites<\/a><\/li>\n<li><a href=\"https:\/\/iopscience.iop.org\/\">IOPscience<\/a><\/li>\n<li><a href=\"https:\/\/www.jstor.org\">JSTOR (Arts &amp; Science)<\/a><\/li>\n<li><a href=\"https:\/\/mathscinet.ams.org\/mathscinet\/\">MathSciNet<\/a><\/li>\n<li><a href=\"http:\/\/www.nature.com\/\">Nature<\/a><\/li>\n<li><a href=\"https:\/\/authenticate.bvdep.com\/edugain\/Shibboleth.sso\/Login?entityID=https%3A%2F%2Fwww.vutbr.cz%2FSSO%2Fsaml2%2Fidp&amp;target=https:\/\/authenticate.bvdep.com\/edugain?product=orbiseurope\">Orbis Europe<\/a><\/li>\n<li><a href=\"http:\/\/www.pablikado.cz\/\">Pablikado<\/a><\/li>\n<li><a href=\"http:\/\/search.proquest.com\/\">ProQuest Central<\/a><\/li>\n<li><a href=\"http:\/\/pubs.rsc.org\/\">Royal Society of Chemistry<\/a><\/li>\n<li><a href=\"https:\/\/saemobilus.sae.org\/\">SAE Digital Library<\/a><\/li>\n<li><a href=\"http:\/\/journals.sagepub.com\/\">SAGE Journals<\/a><\/li>\n<li><a href=\"http:\/\/scifinder.cas.org\/\">SciFinder<\/a><\/li>\n<li><a href=\"https:\/\/www.science.org\/journal\/science\">Science<\/a>, <a href=\"https:\/\/www.science.org\/journal\/scirobotics\">Science Robotics<\/a><\/li>\n<li><a href=\"http:\/\/www.sciencedirect.com\/\">Science Direct<\/a><\/li>\n<li><a href=\"https:\/\/www.scival.com\/\">SciVal<\/a><\/li>\n<li><a href=\"http:\/\/www.spiedigitallibrary.org\/\">SPIE Digital library<\/a><\/li>\n<li><a href=\"https:\/\/link.springer.com\/\">SpringerLink<\/a><\/li>\n<li><a href=\"https:\/\/www.statista.com\/\">Statista<\/a><\/li>\n<li><a href=\"https:\/\/www.tandfonline.com\">Taylor &amp; Francis<\/a><\/li>\n<li><a href=\"http:\/\/onlinelibrary.wiley.com\/\">Wiley Online Library<\/a><\/li>\n<\/ul>\n<p id=\"elektronicbooks\"><span style=\"color: #ff0000;\">DATABASE OF ELECTRONIC BOOKS<\/span><\/p>\n<ul>\n<li><a href=\"https:\/\/pubs.acs.org\/page\/books\/index.html\">ACS<\/a><\/li>\n<li><a href=\"https:\/\/dl.asminternational.org\/handbooks\">ASM Digital library<\/a><\/li>\n<li><a href=\"https:\/\/asmedigitalcollection.asme.org\/ebooks\">ASME<\/a><\/li>\n<li><a href=\"https:\/\/bdt.degruyter.com\/\">Birkh\u00e4user Building Types Online<\/a><\/li>\n<li><a href=\"https:\/\/www.bookport.cz\/\">Bookport<\/a><\/li>\n<li><a href=\"https:\/\/www.cambridge.org\/core\/what-we-publish\/books\">Cambridge University Press<\/a><\/li>\n<li><a href=\"https:\/\/www.degruyter.com\/\">De Gruyter<\/a><\/li>\n<li><a href=\"http:\/\/search.ebscohost.com\/\">EBSCO<\/a><\/li>\n<li><a href=\"http:\/\/www.sciencedirect.com\/\">Elsevier<\/a><\/li>\n<li><a href=\"http:\/\/www.emeraldinsight.com\/\">Emerald<\/a><\/li>\n<li><a href=\"http:\/\/www.icevirtuallibrary.com\/action\/showPublications?pubType=journal\">ICE Publishing<\/a><\/li>\n<li><a href=\"https:\/\/www.igi-global.com\/gateway\/\">IGI Global<\/a><\/li>\n<li><a href=\"http:\/\/iopscience.iop.org\/\">IOPscience<\/a><\/li>\n<li><a href=\"https:\/\/app.knovel.com\/\">Knovel<\/a><\/li>\n<li><a href=\"https:\/\/www.degruyter.com\/\">Le Corbusier Online<\/a><\/li>\n<li><a href=\"https:\/\/direct.mit.edu\/books\">MIT Press<\/a><\/li>\n<li><a href=\"https:\/\/dnnt.cz\/\">N\u00e1rodn\u00ed digit\u00e1ln\u00ed knihovna DNNT (D\u00edla nedostupn\u00e1 na trhu)<\/a><\/li>\n<li><a href=\"https:\/\/ebookcentral.proquest.com\/lib\/vutbrno\/home.action\">Proquest Ebook Central<\/a><\/li>\n<li><a href=\"https:\/\/dikda.snk.sk\/\">Slovensk\u00e1 n\u00e1rodn\u00e1 kni\u017enica (DIKDA)<\/a><\/li>\n<li><a href=\"https:\/\/link.springer.com\/\">Springer<\/a><\/li>\n<li><a href=\"https:\/\/www.taylorfrancis.com\/\">Taylor &amp; Francis<\/a><\/li>\n<li><a href=\"http:\/\/onlinelibrary.wiley.com\/\">Wiley<\/a><\/li>\n<\/ul>\n\n\n<p><\/p>\n","protected":false},"excerpt":{"rendered":"<p>BUT DIGITAL LIBRARY BUT Digital Library BIBLIOGRAPHIC CITATION DATABASE (for the evaluation of research and development results) Scopus Web of Science SPECIALIST DATABASE\u00a0 FOR THE FIELD OF CIVIL ENGINEERING (produced by the Institution of Civil Engineers) ICE Virtual Library FULL-TEXT &hellip; <a href=\"https:\/\/library.fce.vutbr.cz\/en\/specialist-databases\/\">Continue reading <span class=\"meta-nav\">&rarr;<\/span><\/a><\/p>\n","protected":false},"author":8,"featured_media":0,"parent":0,"menu_order":0,"comment_status":"closed","ping_status":"closed","template":"","meta":{"footnotes":""},"class_list":["post-3401","page","type-page","status-publish","hentry"],"_links":{"self":[{"href":"https:\/\/library.fce.vutbr.cz\/en\/wp-json\/wp\/v2\/pages\/3401"}],"collection":[{"href":"https:\/\/library.fce.vutbr.cz\/en\/wp-json\/wp\/v2\/pages"}],"about":[{"href":"https:\/\/library.fce.vutbr.cz\/en\/wp-json\/wp\/v2\/types\/page"}],"author":[{"embeddable":true,"href":"https:\/\/library.fce.vutbr.cz\/en\/wp-json\/wp\/v2\/users\/8"}],"replies":[{"embeddable":true,"href":"https:\/\/library.fce.vutbr.cz\/en\/wp-json\/wp\/v2\/comments?post=3401"}],"version-history":[{"count":70,"href":"https:\/\/library.fce.vutbr.cz\/en\/wp-json\/wp\/v2\/pages\/3401\/revisions"}],"predecessor-version":[{"id":3883,"href":"https:\/\/library.fce.vutbr.cz\/en\/wp-json\/wp\/v2\/pages\/3401\/revisions\/3883"}],"wp:attachment":[{"href":"https:\/\/library.fce.vutbr.cz\/en\/wp-json\/wp\/v2\/media?parent=3401"}],"curies":[{"name":"wp","href":"https:\/\/api.w.org\/{rel}","templated":true}]}}